{"id":604,"date":"2025-04-05T23:23:35","date_gmt":"2025-04-05T23:23:35","guid":{"rendered":"https:\/\/ja-mentor.eu\/?page_id=604"},"modified":"2025-04-06T23:09:38","modified_gmt":"2025-04-06T23:09:38","slug":"participants-list","status":"publish","type":"page","link":"https:\/\/ja-mentor.eu\/index.php\/participants-list\/","title":{"rendered":"Participants list"},"content":{"rendered":"\n<table id=\"tablepress-1\" class=\"tablepress tablepress-id-1 mentor-beneficiares\">\n<thead>\n<tr class=\"row-1\">\n\t<th class=\"column-1\">Beneficiaries<\/th><th class=\"column-2\">Country<\/th>\n<\/tr>\n<\/thead>\n<tbody class=\"row-striping row-hover\">\n<tr class=\"row-2\">\n\t<td class=\"column-1\"><a href=\"http:\/\/www.npvc.lv\/\" target=\"_blank\">National Centre of Mental Health (NPVC)<\/a><\/td><td class=\"column-2\">LATVIA<\/td>\n<\/tr>\n<tr class=\"row-3\">\n\t<td class=\"column-1\"><a href=\"https:\/\/www.shso.org.cy\/en\/hospital\/iperisies-psixikis-igeias\/\" target=\"_blank\">State Health Services Organisation (SHSO-MHS)<\/a><\/td><td class=\"column-2\">CYPRUS<\/td>\n<\/tr>\n<tr class=\"row-4\">\n\t<td class=\"column-1\"><a href=\"https:\/\/regionsyddanmark.dk\/en\/about-us\/the-region-of-southern-denmark\" target=\"_blank\">The Region of Southern Denmark (RSD)<\/a><\/td><td class=\"column-2\">DENMARK<\/td>\n<\/tr>\n<tr class=\"row-5\">\n\t<td class=\"column-1\"><a href=\"https:\/\/www.sm.ee\/en\" target=\"_blank\">The Ministry of Social Affairs (MOSA)<\/a><\/td><td class=\"column-2\">ESTONIA<\/td>\n<\/tr>\n<tr class=\"row-6\">\n\t<td class=\"column-1\"><a href=\"https:\/\/thl.fi\/en\/main-page\" target=\"_blank\">Finnish Institute for Health and Welfare (THL)<\/a><\/td><td class=\"column-2\">FINLAND<\/td>\n<\/tr>\n<tr class=\"row-7\">\n\t<td class=\"column-1\"><a href=\"https:\/\/sante.gouv.fr\/\" target=\"_blank\">Ministry of Labor, Health, Solidarity and Families (FR-MOH)<\/a><\/td><td class=\"column-2\">FRANCE<\/td>\n<\/tr>\n<tr class=\"row-8\">\n\t<td class=\"column-1\"><a href=\"https:\/\/www.bioeg.de\/\" target=\"_blank\">Bundeszentrale f\u00fcr gesundheitliche Aufkl\u00e4rung (BZgA)<\/a><\/td><td class=\"column-2\">GERMANY<\/td>\n<\/tr>\n<tr class=\"row-9\">\n\t<td class=\"column-1\"><a href=\"https:\/\/ogyei.gov.hu\/main_page\" target=\"_blank\">Hungarian National Center for Public Health and Pharmacy (NNGYK)<\/a><\/td><td class=\"column-2\">HUNGARY<\/td>\n<\/tr>\n<tr class=\"row-10\">\n\t<td class=\"column-1\"><a href=\"https:\/\/island.is\/en\/o\/directorate-of-health\" target=\"_blank\">Directorate of Health Emb\u00e6tti landl\u00e6knis (DOH)<\/a><\/td><td class=\"column-2\">ICELAND<\/td>\n<\/tr>\n<tr class=\"row-11\">\n\t<td class=\"column-1\"><a href=\"https:\/\/www.iss.it\/\" target=\"_blank\">Istituto Superiore di Sanit\u00e0 (ISS)<\/a><\/td><td class=\"column-2\">ITALY<\/td>\n<\/tr>\n<tr class=\"row-12\">\n\t<td class=\"column-1\"><a href=\"https:\/\/sam.lrv.lt\/en\/\" target=\"_blank\">Ministry of health of the republic of Lithuania  (SAM LT)<\/a><\/td><td class=\"column-2\">LITHUANIA<\/td>\n<\/tr>\n<tr class=\"row-13\">\n\t<td class=\"column-1\"><a href=\"https:\/\/www.rivm.nl\/en\" target=\"_blank\">National Institute for Public Health and the Environment (RIVM)<\/a><\/td><td class=\"column-2\">NETHERLANDS<\/td>\n<\/tr>\n<tr class=\"row-14\">\n\t<td class=\"column-1\"><a href=\"https:\/\/www.fhi.no\/en\/\" target=\"_blank\">Norwegian Institute of Public Health (NIPH)<\/a><\/td><td class=\"column-2\">NORWAY<\/td>\n<\/tr>\n<tr class=\"row-15\">\n\t<td class=\"column-1\"><a href=\"https:\/\/www.nfz.gov.pl\/\" target=\"_blank\">National Health Fund (NHF)<\/a><\/td><td class=\"column-2\">POLAND<\/td>\n<\/tr>\n<tr class=\"row-16\">\n\t<td class=\"column-1\"><a href=\"https:\/\/cnsm.org.ro\/\" target=\"_blank\">National Centre for Mental Health and the Fight Against Drugs (C.N.S.M.L.A.)<\/a><\/td><td class=\"column-2\">ROMANIA<\/td>\n<\/tr>\n<tr class=\"row-17\">\n\t<td class=\"column-1\"><a href=\"https:\/\/nijz.si\/\" target=\"_blank\">National Institute of Public Health (NIJZ)<\/a><\/td><td class=\"column-2\">SLOVENIA<\/td>\n<\/tr>\n<tr class=\"row-18\">\n\t<td class=\"column-1\"><a href=\"https:\/\/www.kronikgune.org\/\" target=\"_blank\">Basque Institute for Health Systems Research (BS)<\/a><\/td><td class=\"column-2\">SPAIN<\/td>\n<\/tr>\n<tr class=\"row-19\">\n\t<td class=\"column-1\"><a href=\"https:\/\/www.folkhalsomyndigheten.se\/the-public-health-agency-of-sweden\/\" target=\"_blank\">Folkh\u00e4lsomyndigheten \u2013 the Public Health Agency of Sweden  (PHAS)<\/a><\/td><td class=\"column-2\">SWEDEN<\/td>\n<\/tr>\n<tr class=\"row-20\">\n\t<td class=\"column-1\"><a href=\"https:\/\/phc.org.ua\/\" target=\"_blank\">Public Health Centre of Ukraine (UPHC)<\/a><\/td><td class=\"column-2\">UKRAINE<\/td>\n<\/tr>\n<\/tbody>\n<\/table>\n\n\n\n<hr class=\"wp-block-separator has-alpha-channel-opacity is-style-wide\"\/>\n\n\n\n<table id=\"tablepress-2\" class=\"tablepress tablepress-id-2 mentor-affiliated\">\n<thead>\n<tr class=\"row-1\">\n\t<th class=\"column-1\">Affiliated Partners<\/th><th class=\"column-2\">Country<\/th>\n<\/tr>\n<\/thead>\n<tbody class=\"row-striping row-hover\">\n<tr class=\"row-2\">\n\t<td class=\"column-1\"><a href=\"https:\/\/www.uni-leipzig.de\/\" target=\"_blank\">Leipzig University (ULEI)<\/a><\/td><td class=\"column-2\">GERMANY<\/td>\n<\/tr>\n<tr class=\"row-3\">\n\t<td class=\"column-1\"><a href=\"https:\/\/www.rathaus.bremen.de\/senat-senate-2331\" target=\"_blank\">Free Hanseatic City of Bremen Bremen (SB)<\/a><\/td><td class=\"column-2\">GERMANY<\/td>\n<\/tr>\n<tr class=\"row-4\">\n\t<td class=\"column-1\"><a href=\"https:\/\/okfo.gov.hu\/en\" target=\"_blank\">National Directorate General for Hospitals (OKF\u0150)<\/a><\/td><td class=\"column-2\">HUNGARY<\/td>\n<\/tr>\n<tr class=\"row-5\">\n\t<td class=\"column-1\"><a href=\"https:\/\/www.bethesda.hu\/about-us\/\" target=\"_blank\">Bethesda Children\u2019s Hospital (BCH)<\/a><\/td><td class=\"column-2\">HUNGARY<\/td>\n<\/tr>\n<tr class=\"row-6\">\n\t<td class=\"column-1\"><a href=\"https:\/\/www.heilsugaeslan.is\/\" target=\"_blank\">Primary Healthcare of the Capital Area (PHCI)<\/a><\/td><td class=\"column-2\">ICELAND<\/td>\n<\/tr>\n<tr class=\"row-7\">\n\t<td class=\"column-1\"><a href=\"https:\/\/www.landspitali.is\/um-landspitala\/languages\/landspitali-university-hospital\/\" target=\"_blank\">National University Hospital of Iceland (NUHI)<\/a><\/td><td class=\"column-2\">ICELAND<\/td>\n<\/tr>\n<tr class=\"row-8\">\n\t<td class=\"column-1\"><a href=\"https:\/\/promisalute.it\/\" target=\"_blank\">Programma Mattone Internazionale Salute (PRO.MI.S)<\/a><\/td><td class=\"column-2\">ITALY<\/td>\n<\/tr>\n<tr class=\"row-9\">\n\t<td class=\"column-1\"><a href=\"https:\/\/www.aslcittaditorino.it\/\" target=\"_blank\">Torino Azienda Sanitaria Locale Citta di Torino (ASL)<\/a><\/td><td class=\"column-2\">ITALY<\/td>\n<\/tr>\n<tr class=\"row-10\">\n\t<td class=\"column-1\"><a href=\"https:\/\/www.unimib.it\/\" target=\"_blank\">University of Milano-Bicocca (UniMiB)<\/a><\/td><td class=\"column-2\">ITALY<\/td>\n<\/tr>\n<tr class=\"row-11\">\n\t<td class=\"column-1\"><a href=\"https:\/\/www.trimbos.nl\/\" target=\"_blank\">Trimbos Institute \u2013 Netherlands Institute of Mental Health and Addiction (TRIMBOS)<\/a><\/td><td class=\"column-2\">NETHERLANDS<\/td>\n<\/tr>\n<tr class=\"row-12\">\n\t<td class=\"column-1\"><a href=\"https:\/\/www.ssb.no\/en\" target=\"_blank\">Statistics Norway (SSB)<\/a><\/td><td class=\"column-2\">NORWAY<\/td>\n<\/tr>\n<tr class=\"row-13\">\n\t<td class=\"column-1\"><a href=\"https:\/\/salutweb.gencat.cat\/ca\/inici\" target=\"_blank\">Catalan department of health (GENCAT)<\/a><\/td><td class=\"column-2\">SPAIN<\/td>\n<\/tr>\n<tr class=\"row-14\">\n\t<td class=\"column-1\"><a href=\"https:\/\/www.clinicbarcelona.org\/idibaps\/sobre-nosotros\" target=\"_blank\">Fundacio de Recerca Clinic Barcelona &#8211; Institut d\u2019Investigacions Biom\u00e8diques August Pi i Sunyer (FRCB-IDIBAPS)<\/a><\/td><td class=\"column-2\">SPAIN<\/td>\n<\/tr>\n<tr class=\"row-15\">\n\t<td class=\"column-1\"><a href=\"https:\/\/www.uicc.org\/membership\/institut-catala-doncologia\" target=\"_blank\">The Catalan Institute of Oncology (ICO)<\/a><\/td><td class=\"column-2\">SPAIN<\/td>\n<\/tr>\n<tr class=\"row-16\">\n\t<td class=\"column-1\"><a href=\"https:\/\/www.idival.org\/home\/\" target=\"_blank\">IDIVAL the Healthcare Research Institute of Cantabria (IDIVAL)<\/a><\/td><td class=\"column-2\">SPAIN<\/td>\n<\/tr>\n<tr class=\"row-17\">\n\t<td class=\"column-1\"><a href=\"https:\/\/www.ffis.es\/\" target=\"_blank\">Fundaci\u00f3n para la Formaci\u00f3n e Investigaci\u00f3n Sanitarias de la Regi\u00f3n de Murcia (FFIS)<\/a><\/td><td class=\"column-2\">SPAIN<\/td>\n<\/tr>\n<tr class=\"row-18\">\n\t<td class=\"column-1\"><a href=\"https:\/\/www.murciasalud.es\/\" target=\"_blank\">Murcian Health Service (SMS)<\/a><\/td><td class=\"column-2\">SPAIN<\/td>\n<\/tr>\n<tr class=\"row-19\">\n\t<td class=\"column-1\"><a href=\"https:\/\/www.sspa.juntadeandalucia.es\/servicioandaluzdesalud\/\" target=\"_blank\">Andalusian Health Service (SAS)<\/a><\/td><td class=\"column-2\">SPAIN<\/td>\n<\/tr>\n<tr class=\"row-20\">\n\t<td class=\"column-1\"><a href=\"https:\/\/fundesalud.es\/\" target=\"_blank\">Fundaci\u00f3n para la Formaci\u00f3n e Investigaci\u00f3n de los Profesionales de la Salud de Extremadura (FUNDESALUD)<\/a><\/td><td class=\"column-2\">SPAIN<\/td>\n<\/tr>\n<\/tbody>\n<\/table>\n\n\n\n<hr class=\"wp-block-separator has-alpha-channel-opacity is-style-wide\"\/>\n\n\n\n<table id=\"tablepress-3\" class=\"tablepress tablepress-id-3\">\n<thead>\n<tr class=\"row-1\">\n\t<th class=\"column-1\">Associated Partners<\/th><th class=\"column-2\">Country<\/th>\n<\/tr>\n<\/thead>\n<tbody class=\"row-striping row-hover\">\n<tr class=\"row-2\">\n\t<td class=\"column-1\"><a href=\"https:\/\/dirsante.gouvernement.lu\/fr.html\" target=\"_blank\">Ministry of Health and Social Security   (DISA)<\/a><\/td><td class=\"column-2\">LUXEMBOURG<\/td>\n<\/tr>\n<tr class=\"row-3\">\n\t<td class=\"column-1\"><a href=\"https:\/\/www.mhb-fontane.de\/en\/home\" target=\"_blank\">Brandenburg Medical School Theodor Fontane (MHB)<\/a><\/td><td class=\"column-2\">GERMANY<\/td>\n<\/tr>\n<tr class=\"row-4\">\n\t<td class=\"column-1\"><a href=\"https:\/\/www.en.regione.lombardia.it\/wps\/portal\/site\/en-regione-lombardia\" target=\"_blank\">The Region of Lombardy (LOMBARDIA)<\/a><\/td><td class=\"column-2\">ITALY<\/td>\n<\/tr>\n<tr class=\"row-5\">\n\t<td class=\"column-1\"><a href=\"https:\/\/www.helsedirektoratet.no\/english\" target=\"_blank\">Helsedirektoratet(HDIR)<\/a><\/td><td class=\"column-2\">NORWAY<\/td>\n<\/tr>\n<tr class=\"row-6\">\n\t<td class=\"column-1\"><a href=\"https:\/\/www.juntaex.es\/lajunta\/consejeria-de-salud-y-servicios-sociales\/servicio-extremeno-de-salud\" target=\"_blank\">The Extremadura Health Service (SES)<\/a><\/td><td class=\"column-2\">SPAIN<\/td>\n<\/tr>\n<\/tbody>\n<\/table>\n","protected":false},"excerpt":{"rendered":"","protected":false},"author":1,"featured_media":0,"parent":0,"menu_order":0,"comment_status":"closed","ping_status":"closed","template":"","meta":{"footnotes":""},"class_list":["post-604","page","type-page","status-publish","hentry"],"_links":{"self":[{"href":"https:\/\/ja-mentor.eu\/index.php\/wp-json\/wp\/v2\/pages\/604","targetHints":{"allow":["GET"]}}],"collection":[{"href":"https:\/\/ja-mentor.eu\/index.php\/wp-json\/wp\/v2\/pages"}],"about":[{"href":"https:\/\/ja-mentor.eu\/index.php\/wp-json\/wp\/v2\/types\/page"}],"author":[{"embeddable":true,"href":"https:\/\/ja-mentor.eu\/index.php\/wp-json\/wp\/v2\/users\/1"}],"replies":[{"embeddable":true,"href":"https:\/\/ja-mentor.eu\/index.php\/wp-json\/wp\/v2\/comments?post=604"}],"version-history":[{"count":14,"href":"https:\/\/ja-mentor.eu\/index.php\/wp-json\/wp\/v2\/pages\/604\/revisions"}],"predecessor-version":[{"id":642,"href":"https:\/\/ja-mentor.eu\/index.php\/wp-json\/wp\/v2\/pages\/604\/revisions\/642"}],"wp:attachment":[{"href":"https:\/\/ja-mentor.eu\/index.php\/wp-json\/wp\/v2\/media?parent=604"}],"curies":[{"name":"wp","href":"https:\/\/api.w.org\/{rel}","templated":true}]}}